{"id":8124,"date":"2024-04-30T15:04:51","date_gmt":"2024-04-30T13:04:51","guid":{"rendered":"https:\/\/caspergsm.fr\/?page_id=8124"},"modified":"2024-05-14T11:05:18","modified_gmt":"2024-05-14T09:05:18","slug":"reparations","status":"publish","type":"page","link":"https:\/\/caspergsm.fr\/index.php\/reparations\/","title":{"rendered":"R\u00e9parations"},"content":{"rendered":"\t\t<div data-elementor-type=\"wp-page\" data-elementor-id=\"8124\" class=\"elementor elementor-8124\">\n\t\t\t\t<div class=\"elementor-element elementor-element-589f155 e-con-full e-flex e-con e-parent\" data-id=\"589f155\" data-element_type=\"container\">\n\t\t\t\t<div class=\"elementor-element elementor-element-81b7624 elementor-widget elementor-widget-heading\" data-id=\"81b7624\" data-element_type=\"widget\" data-widget_type=\"heading.default\">\n\t\t\t\t<div class=\"elementor-widget-container\">\n\t\t\t<style>\/*! elementor - v3.21.0 - 30-04-2024 *\/\n.elementor-heading-title{padding:0;margin:0;line-height:1}.elementor-widget-heading .elementor-heading-title[class*=elementor-size-]>a{color:inherit;font-size:inherit;line-height:inherit}.elementor-widget-heading .elementor-heading-title.elementor-size-small{font-size:15px}.elementor-widget-heading .elementor-heading-title.elementor-size-medium{font-size:19px}.elementor-widget-heading .elementor-heading-title.elementor-size-large{font-size:29px}.elementor-widget-heading .elementor-heading-title.elementor-size-xl{font-size:39px}.elementor-widget-heading .elementor-heading-title.elementor-size-xxl{font-size:59px}<\/style><h2 class=\"elementor-heading-title elementor-size-default\">R\u00e9paration Mobile \u00e0 Belfort - Casper GSM<\/h2>\t\t<\/div>\n\t\t\t\t<\/div>\n\t\t\t\t<div class=\"elementor-element elementor-element-12f0c86 elementor-widget elementor-widget-text-editor\" data-id=\"12f0c86\" data-element_type=\"widget\" data-widget_type=\"text-editor.default\">\n\t\t\t\t<div class=\"elementor-widget-container\">\n\t\t\t<style>\/*! elementor - v3.21.0 - 30-04-2024 *\/\n.elementor-widget-text-editor.elementor-drop-cap-view-stacked .elementor-drop-cap{background-color:#69727d;color:#fff}.elementor-widget-text-editor.elementor-drop-cap-view-framed .elementor-drop-cap{color:#69727d;border:3px solid;background-color:transparent}.elementor-widget-text-editor:not(.elementor-drop-cap-view-default) .elementor-drop-cap{margin-top:8px}.elementor-widget-text-editor:not(.elementor-drop-cap-view-default) .elementor-drop-cap-letter{width:1em;height:1em}.elementor-widget-text-editor .elementor-drop-cap{float:left;text-align:center;line-height:1;font-size:50px}.elementor-widget-text-editor .elementor-drop-cap-letter{display:inline-block}<\/style>\t\t\t\t<p>\u00a0Chez Casper GSM, votre sp\u00e9cialiste en r\u00e9paration mobile \u00e0 Belfort. Nous offrons des services de r\u00e9paration pour tous les types de smartphones, quel que soit le probl\u00e8me que vous rencontrez.<\/p>\t\t\t\t\t\t<\/div>\n\t\t\t\t<\/div>\n\t\t\t\t<\/div>\n\t\t<div class=\"elementor-element elementor-element-d38bf73 e-flex e-con-boxed elementor-invisible e-con e-parent\" data-id=\"d38bf73\" data-element_type=\"container\" data-settings=\"{&quot;background_background&quot;:&quot;classic&quot;,&quot;animation&quot;:&quot;fadeInDown&quot;}\">\n\t\t\t\t\t<div class=\"e-con-inner\">\n\t\t<div class=\"elementor-element elementor-element-ad6b441 e-con-full e-flex e-con e-child\" data-id=\"ad6b441\" data-element_type=\"container\">\n\t\t\t\t<div class=\"elementor-element elementor-element-2005b4c elementor-widget elementor-widget-text-editor\" data-id=\"2005b4c\" data-element_type=\"widget\" data-widget_type=\"text-editor.default\">\n\t\t\t\t<div class=\"elementor-widget-container\">\n\t\t\t\t\t\t\t<h3>Nos Services de R\u00e9paration Mobile<\/h3><ul><li><strong>R\u00e9paration d&rsquo;\u00c9crans<\/strong> : Remplacement d&rsquo;\u00e9crans cass\u00e9s ou fissur\u00e9s pour toutes les marques et mod\u00e8les de smartphones.<\/li><li><strong>Changement de Batteries<\/strong> : Remplacement de batteries d\u00e9fectueuses ou us\u00e9es pour une meilleure autonomie.<\/li><li><strong>R\u00e9paration de Connecteurs de Charge<\/strong> : R\u00e9paration ou remplacement des ports de charge endommag\u00e9s pour un chargement efficace.<\/li><li><strong>Probl\u00e8mes de Logiciel<\/strong> : R\u00e9installation du syst\u00e8me, mise \u00e0 jour de logiciels et suppression de virus.<\/li><li><strong>R\u00e9paration de Boutons<\/strong> : Remplacement des boutons d&rsquo;accueil, de volume et de verrouillage qui ne fonctionnent plus correctement.<\/li><li><strong>Autres Services<\/strong> : R\u00e9paration de cam\u00e9ras, haut-parleurs, microphones et autres composants internes.<\/li><\/ul>\t\t\t\t\t\t<\/div>\n\t\t\t\t<\/div>\n\t\t\t\t<\/div>\n\t\t<div class=\"elementor-element elementor-element-7597d74 e-con-full e-flex e-con e-child\" data-id=\"7597d74\" data-element_type=\"container\">\n\t\t\t\t<div class=\"elementor-element elementor-element-57c857a elementor-widget elementor-widget-image\" data-id=\"57c857a\" data-element_type=\"widget\" data-widget_type=\"image.default\">\n\t\t\t\t<div class=\"elementor-widget-container\">\n\t\t\t<style>\/*! elementor - v3.21.0 - 30-04-2024 *\/\n.elementor-widget-image{text-align:center}.elementor-widget-image a{display:inline-block}.elementor-widget-image a img[src$=\".svg\"]{width:48px}.elementor-widget-image img{vertical-align:middle;display:inline-block}<\/style>\t\t\t\t\t\t\t\t\t\t<img fetchpriority=\"high\" decoding=\"async\" width=\"600\" height=\"371\" src=\"https:\/\/caspergsm.fr\/wp-content\/uploads\/2018\/02\/tout-savoir-sur-la-reparation-de-liphone-7-et-iphone-7-plus-600x371.jpg\" class=\"attachment-large size-large wp-image-46\" alt=\"\" srcset=\"https:\/\/caspergsm.fr\/wp-content\/uploads\/2018\/02\/tout-savoir-sur-la-reparation-de-liphone-7-et-iphone-7-plus-600x371.jpg 600w, https:\/\/caspergsm.fr\/wp-content\/uploads\/2018\/02\/tout-savoir-sur-la-reparation-de-liphone-7-et-iphone-7-plus-600x371-300x186.jpg 300w\" sizes=\"(max-width: 600px) 100vw, 600px\" \/>\t\t\t\t\t\t\t\t\t\t\t\t\t<\/div>\n\t\t\t\t<\/div>\n\t\t\t\t<\/div>\n\t\t\t\t\t<\/div>\n\t\t\t\t<\/div>\n\t\t<div class=\"elementor-element elementor-element-efec7e3 e-flex e-con-boxed elementor-invisible e-con e-parent\" data-id=\"efec7e3\" data-element_type=\"container\" data-settings=\"{&quot;background_background&quot;:&quot;classic&quot;,&quot;animation&quot;:&quot;fadeInUp&quot;}\">\n\t\t\t\t\t<div class=\"e-con-inner\">\n\t\t<div class=\"elementor-element elementor-element-39931fe e-con-full e-flex e-con e-child\" data-id=\"39931fe\" data-element_type=\"container\">\n\t\t\t\t<div class=\"elementor-element elementor-element-34b6739 elementor-widget elementor-widget-image\" data-id=\"34b6739\" data-element_type=\"widget\" data-widget_type=\"image.default\">\n\t\t\t\t<div class=\"elementor-widget-container\">\n\t\t\t\t\t\t\t\t\t\t\t\t\t<img decoding=\"async\" width=\"1024\" height=\"682\" src=\"https:\/\/caspergsm.fr\/wp-content\/uploads\/2024\/05\/work-workshop-repairing-8304180-1024x682.jpg\" class=\"attachment-large size-large wp-image-8175\" alt=\"work, workshop, repairing-8304180.jpg\" srcset=\"https:\/\/caspergsm.fr\/wp-content\/uploads\/2024\/05\/work-workshop-repairing-8304180-1024x682.jpg 1024w, https:\/\/caspergsm.fr\/wp-content\/uploads\/2024\/05\/work-workshop-repairing-8304180-300x200.jpg 300w, https:\/\/caspergsm.fr\/wp-content\/uploads\/2024\/05\/work-workshop-repairing-8304180-768x512.jpg 768w, https:\/\/caspergsm.fr\/wp-content\/uploads\/2024\/05\/work-workshop-repairing-8304180.jpg 1280w\" sizes=\"(max-width: 1024px) 100vw, 1024px\" \/>\t\t\t\t\t\t\t\t\t\t\t\t\t<\/div>\n\t\t\t\t<\/div>\n\t\t\t\t<\/div>\n\t\t<div class=\"elementor-element elementor-element-1c5133c e-con-full e-flex e-con e-child\" data-id=\"1c5133c\" data-element_type=\"container\">\n\t\t\t\t<div class=\"elementor-element elementor-element-b088da9 elementor-widget elementor-widget-text-editor\" data-id=\"b088da9\" data-element_type=\"widget\" data-widget_type=\"text-editor.default\">\n\t\t\t\t<div class=\"elementor-widget-container\">\n\t\t\t\t\t\t\t<h3>Pourquoi Choisir Casper GSM ?<\/h3><ul><li><strong>Techniciens Qualifi\u00e9s<\/strong> : Notre \u00e9quipe est compos\u00e9e de techniciens exp\u00e9riment\u00e9s et certifi\u00e9s dans la r\u00e9paration de smartphones.<\/li><li><strong>Service Rapide<\/strong> : Nous nous engageons \u00e0 r\u00e9parer votre mobile dans les plus brefs d\u00e9lais pour minimiser votre temps d&rsquo;attente.<\/li><li><strong>Garantie de Qualit\u00e9<\/strong> : Nous utilisons des pi\u00e8ces d\u00e9tach\u00e9es de haute qualit\u00e9 pour assurer des r\u00e9parations durables.<\/li><li><strong>Tarifs Comp\u00e9titifs<\/strong> : Nous proposons des prix attractifs tout en maintenant un haut niveau de service.<\/li><\/ul>\t\t\t\t\t\t<\/div>\n\t\t\t\t<\/div>\n\t\t\t\t<\/div>\n\t\t\t\t\t<\/div>\n\t\t\t\t<\/div>\n\t\t<div class=\"elementor-element elementor-element-c91d4b6 e-con-full e-flex e-con e-parent\" data-id=\"c91d4b6\" data-element_type=\"container\" data-settings=\"{&quot;background_background&quot;:&quot;classic&quot;}\">\n\t\t\t\t<div class=\"elementor-element elementor-element-bad3a00 elementor-widget elementor-widget-text-editor\" data-id=\"bad3a00\" data-element_type=\"widget\" data-widget_type=\"text-editor.default\">\n\t\t\t\t<div class=\"elementor-widget-container\">\n\t\t\t\t\t\t\t<h3>R\u00e9paration de Toutes les Marques et Mod\u00e8les de Mobiles &#8211; Casper GSM<\/h3><p>Chez Casper GSM \u00e0 Belfort, nous sommes fiers de proposer des services de r\u00e9paration pour une large gamme de marques et mod\u00e8les de smartphones. Voici une liste non exhaustive des marques et mod\u00e8les que nous r\u00e9parons :<\/p><h4>Marques Populaires<\/h4><ul><li><strong>Apple<\/strong> : iPhone 4, iPhone 5, iPhone 6, iPhone 6s, iPhone 7, iPhone 8, iPhone X, iPhone XS, iPhone XR, iPhone 11, iPhone 12, iPhone 13, iPhone 14, et toutes les variantes (Pro, Plus, Mini, etc.)<\/li><li><strong>Samsung<\/strong> : Galaxy S4, Galaxy S5, Galaxy S6, Galaxy S7, Galaxy S8, Galaxy S9, Galaxy S10, Galaxy S20, Galaxy S21, Galaxy S22, Galaxy S23, Galaxy Note (toutes les s\u00e9ries), Galaxy A, Galaxy J, Galaxy Z Fold, Galaxy Z Flip<\/li><li><strong>Huawei<\/strong> : P20, P30, P40, P50, Mate 10, Mate 20, Mate 30, Mate 40, Nova series, Y series<\/li><li><strong>Xiaomi<\/strong> : Mi series, Mi Mix, Redmi series, Poco series<\/li><li><strong>OnePlus<\/strong> : OnePlus 3, OnePlus 5, OnePlus 6, OnePlus 7, OnePlus 8, OnePlus 9, OnePlus 10, OnePlus Nord<\/li><li><strong>Google<\/strong> : Pixel 1, Pixel 2, Pixel 3, Pixel 4, Pixel 5, Pixel 6, Pixel 7<\/li><li><strong>Sony<\/strong> : Xperia Z, Xperia XZ, Xperia 1, Xperia 5, Xperia 10<\/li><li><strong>LG<\/strong> : G series, V series, Q series, K series, Velvet, Wing<\/li><li><strong>Nokia<\/strong> : Lumia series, Nokia 3, Nokia 5, Nokia 6, Nokia 7, Nokia 8, Nokia 9<\/li><li><strong>Motorola<\/strong> : Moto G series, Moto E series, Moto Z series, Moto X series, Razr<\/li><li><strong>Oppo<\/strong> : Find series, Reno series, A series, F series<\/li><li><strong>Vivo<\/strong> : X series, V series, Y series, S series, Z series<\/li><li><strong>Asus<\/strong> : ZenFone series, ROG Phone series<\/li><li><strong>Realme<\/strong> : Realme series, Realme X series, Realme GT series<\/li><\/ul><h3>Nos Services de R\u00e9paration<\/h3><p>Nous offrons des services de r\u00e9paration pour tous les composants et probl\u00e8mes courants, notamment :<\/p><ul><li>Remplacement d&rsquo;\u00e9crans cass\u00e9s ou fissur\u00e9s<\/li><li>Remplacement de batteries d\u00e9fectueuses<\/li><li>R\u00e9paration de connecteurs de charge<\/li><li>R\u00e9paration de cam\u00e9ras, haut-parleurs, et microphones<\/li><li>R\u00e9paration de boutons (accueil, volume, verrouillage)<\/li><li>R\u00e9solution des probl\u00e8mes de logiciel (mise \u00e0 jour, r\u00e9installation, suppression de virus)<\/li><\/ul>\t\t\t\t\t\t<\/div>\n\t\t\t\t<\/div>\n\t\t\t\t<\/div>\n\t\t<div class=\"elementor-element elementor-element-9d8a48a e-flex e-con-boxed e-con e-parent\" data-id=\"9d8a48a\" data-element_type=\"container\">\n\t\t\t\t\t<div class=\"e-con-inner\">\n\t\t<div class=\"elementor-element elementor-element-8a57330 e-con-full e-flex e-con e-child\" data-id=\"8a57330\" data-element_type=\"container\">\n\t\t\t\t<div class=\"elementor-element elementor-element-e8304a6 elementor-widget elementor-widget-heading\" data-id=\"e8304a6\" data-element_type=\"widget\" data-widget_type=\"heading.default\">\n\t\t\t\t<div class=\"elementor-widget-container\">\n\t\t\t<h2 class=\"elementor-heading-title elementor-size-default\">Visiter le site Apple <\/h2>\t\t<\/div>\n\t\t\t\t<\/div>\n\t\t\t\t<div class=\"elementor-element elementor-element-e5d368a elementor-align-center elementor-widget elementor-widget-button\" data-id=\"e5d368a\" data-element_type=\"widget\" data-widget_type=\"button.default\">\n\t\t\t\t<div class=\"elementor-widget-container\">\n\t\t\t\t\t<div class=\"elementor-button-wrapper\">\n\t\t\t<a class=\"elementor-button elementor-button-link elementor-size-sm\" href=\"https:\/\/www.apple.com\/fr\/\">\n\t\t\t\t\t\t<span class=\"elementor-button-content-wrapper\">\n\t\t\t\t\t\t\t\t\t<span class=\"elementor-button-text\">Apple.com<\/span>\n\t\t\t\t\t<\/span>\n\t\t\t\t\t<\/a>\n\t\t<\/div>\n\t\t\t\t<\/div>\n\t\t\t\t<\/div>\n\t\t\t\t<\/div>\n\t\t<div class=\"elementor-element elementor-element-3ccf6e8 e-con-full e-flex e-con e-child\" data-id=\"3ccf6e8\" data-element_type=\"container\">\n\t\t\t\t<div class=\"elementor-element elementor-element-70502e6 elementor-widget elementor-widget-heading\" data-id=\"70502e6\" data-element_type=\"widget\" data-widget_type=\"heading.default\">\n\t\t\t\t<div class=\"elementor-widget-container\">\n\t\t\t<h2 class=\"elementor-heading-title elementor-size-default\">Visit\u00e9 le site Samsung<\/h2>\t\t<\/div>\n\t\t\t\t<\/div>\n\t\t\t\t<div class=\"elementor-element elementor-element-52687f0 elementor-align-center elementor-widget elementor-widget-button\" data-id=\"52687f0\" data-element_type=\"widget\" data-widget_type=\"button.default\">\n\t\t\t\t<div class=\"elementor-widget-container\">\n\t\t\t\t\t<div class=\"elementor-button-wrapper\">\n\t\t\t<a class=\"elementor-button elementor-button-link elementor-size-sm\" href=\"https:\/\/www.samsung.com\/fr\/\">\n\t\t\t\t\t\t<span class=\"elementor-button-content-wrapper\">\n\t\t\t\t\t\t\t\t\t<span class=\"elementor-button-text\">Samsung.com<\/span>\n\t\t\t\t\t<\/span>\n\t\t\t\t\t<\/a>\n\t\t<\/div>\n\t\t\t\t<\/div>\n\t\t\t\t<\/div>\n\t\t\t\t<\/div>\n\t\t\t\t\t<\/div>\n\t\t\t\t<\/div>\n\t\t\t\t<\/div>\n\t\t","protected":false},"excerpt":{"rendered":"<p>R\u00e9paration Mobile \u00e0 Belfort &#8211; Casper GSM \u00a0Chez Casper GSM, votre sp\u00e9cialiste en r\u00e9paration mobile \u00e0 Belfort. Nous offrons des [&hellip;]<\/p>\n","protected":false},"author":1,"featured_media":0,"parent":0,"menu_order":0,"comment_status":"closed","ping_status":"closed","template":"","meta":{"site-sidebar-layout":"no-sidebar","site-content-layout":"","ast-site-content-layout":"full-width-container","site-content-style":"default","site-sidebar-style":"default","ast-global-header-display":"","ast-banner-title-visibility":"","ast-main-header-display":"","ast-hfb-above-header-display":"","ast-hfb-below-header-display":"","ast-hfb-mobile-header-display":"","site-post-title":"disabled","ast-breadcrumbs-content":"","ast-featured-img":"disabled","footer-sml-layout":"","theme-transparent-header-meta":"","adv-header-id-meta":"","stick-header-meta":"","header-above-stick-meta":"","header-main-stick-meta":"","header-below-stick-meta":"","astra-migrate-meta-layouts":"default","ast-page-background-enabled":"default","ast-page-background-meta":{"desktop":{"background-color":"var(--ast-global-color-4)","background-image":"","background-repeat":"repeat","background-position":"center center","background-size":"auto","background-attachment":"scroll","background-type":"","background-media":"","overlay-type":"","overlay-color":"","overlay-gradient":""},"tablet":{"background-color":"","background-image":"","background-repeat":"repeat","background-position":"center center","background-size":"auto","background-attachment":"scroll","background-type":"","background-media":"","overlay-type":"","overlay-color":"","overlay-gradient":""},"mobile":{"background-color":"","background-image":"","background-repeat":"repeat","background-position":"center center","background-size":"auto","background-attachment":"scroll","background-type":"","background-media":"","overlay-type":"","overlay-color":"","overlay-gradient":""}},"ast-content-background-meta":{"desktop":{"background-color":"var(--ast-global-color-5)","background-image":"","background-repeat":"repeat","background-position":"center center","background-size":"auto","background-attachment":"scroll","background-type":"","background-media":"","overlay-type":"","overlay-color":"","overlay-gradient":""},"tablet":{"background-color":"var(--ast-global-color-5)","background-image":"","background-repeat":"repeat","background-position":"center center","background-size":"auto","background-attachment":"scroll","background-type":"","background-media":"","overlay-type":"","overlay-color":"","overlay-gradient":""},"mobile":{"background-color":"var(--ast-global-color-5)","background-image":"","background-repeat":"repeat","background-position":"center center","background-size":"auto","background-attachment":"scroll","background-type":"","background-media":"","overlay-type":"","overlay-color":"","overlay-gradient":""}},"footnotes":""},"class_list":["post-8124","page","type-page","status-publish","hentry"],"_links":{"self":[{"href":"https:\/\/caspergsm.fr\/index.php\/wp-json\/wp\/v2\/pages\/8124","targetHints":{"allow":["GET"]}}],"collection":[{"href":"https:\/\/caspergsm.fr\/index.php\/wp-json\/wp\/v2\/pages"}],"about":[{"href":"https:\/\/caspergsm.fr\/index.php\/wp-json\/wp\/v2\/types\/page"}],"author":[{"embeddable":true,"href":"https:\/\/caspergsm.fr\/index.php\/wp-json\/wp\/v2\/users\/1"}],"replies":[{"embeddable":true,"href":"https:\/\/caspergsm.fr\/index.php\/wp-json\/wp\/v2\/comments?post=8124"}],"version-history":[{"count":7,"href":"https:\/\/caspergsm.fr\/index.php\/wp-json\/wp\/v2\/pages\/8124\/revisions"}],"predecessor-version":[{"id":8182,"href":"https:\/\/caspergsm.fr\/index.php\/wp-json\/wp\/v2\/pages\/8124\/revisions\/8182"}],"wp:attachment":[{"href":"https:\/\/caspergsm.fr\/index.php\/wp-json\/wp\/v2\/media?parent=8124"}],"curies":[{"name":"wp","href":"https:\/\/api.w.org\/{rel}","templated":true}]}}